{"id":100,"date":"2024-01-30T15:53:35","date_gmt":"2024-01-30T15:53:35","guid":{"rendered":"https:\/\/saftrans.tn\/?page_id=100"},"modified":"2024-05-06T09:21:55","modified_gmt":"2024-05-06T09:21:55","slug":"notre-mission","status":"publish","type":"page","link":"https:\/\/saftrans.tn\/?page_id=100","title":{"rendered":"Notre Mission"},"content":{"rendered":"\n<p>Dot\u00e9e d\u2019un personnel qualifi\u00e9, comp\u00e9tent et enti\u00e8rement \u00e0 votre \u00e9coute, SAFTRANS vous offre :<\/p>\n\n\n\n<p><strong>Des services de qualit\u00e9<\/strong> : \u00e0 des tarifs d\u00e9fiant toute concurrence dans le respect des d\u00e9lais requis.<\/p>\n\n\n\n<p><strong>Un suivi<\/strong> : Elle vous accompagne, sans m\u00e9nagement, dans toutes vos op\u00e9rations de transport et de d\u00e9douanement.<\/p>\n","protected":false},"excerpt":{"rendered":"<p>Dot\u00e9e d\u2019un personnel qualifi\u00e9, comp\u00e9tent et enti\u00e8rement \u00e0 votre \u00e9coute, SAFTRANS vous offre : Des services de qualit\u00e9 : \u00e0 des tarifs d\u00e9fiant toute concurrence dans le respect des d\u00e9lais requis. Un suivi : Elle vous accompagne, sans m\u00e9nagement, dans toutes vos op\u00e9rations de transport et de d\u00e9douanement.<\/p>\n","protected":false},"author":1,"featured_media":107,"parent":0,"menu_order":0,"comment_status":"closed","ping_status":"closed","template":"template-no-sidebar.php","meta":{"om_disable_all_campaigns":false,"_monsterinsights_skip_tracking":false,"_monsterinsights_sitenote_active":false,"_monsterinsights_sitenote_note":"","_monsterinsights_sitenote_category":0,"footnotes":""},"class_list":["post-100","page","type-page","status-publish","has-post-thumbnail","hentry"],"aioseo_notices":[],"jetpack_sharing_enabled":true,"_links":{"self":[{"href":"https:\/\/saftrans.tn\/index.php?rest_route=\/wp\/v2\/pages\/100","targetHints":{"allow":["GET"]}}],"collection":[{"href":"https:\/\/saftrans.tn\/index.php?rest_route=\/wp\/v2\/pages"}],"about":[{"href":"https:\/\/saftrans.tn\/index.php?rest_route=\/wp\/v2\/types\/page"}],"author":[{"embeddable":true,"href":"https:\/\/saftrans.tn\/index.php?rest_route=\/wp\/v2\/users\/1"}],"replies":[{"embeddable":true,"href":"https:\/\/saftrans.tn\/index.php?rest_route=%2Fwp%2Fv2%2Fcomments&post=100"}],"version-history":[{"count":1,"href":"https:\/\/saftrans.tn\/index.php?rest_route=\/wp\/v2\/pages\/100\/revisions"}],"predecessor-version":[{"id":101,"href":"https:\/\/saftrans.tn\/index.php?rest_route=\/wp\/v2\/pages\/100\/revisions\/101"}],"wp:featuredmedia":[{"embeddable":true,"href":"https:\/\/saftrans.tn\/index.php?rest_route=\/wp\/v2\/media\/107"}],"wp:attachment":[{"href":"https:\/\/saftrans.tn\/index.php?rest_route=%2Fwp%2Fv2%2Fmedia&parent=100"}],"curies":[{"name":"wp","href":"https:\/\/api.w.org\/{rel}","templated":true}]}}