{"id":47,"date":"2024-01-05T11:59:21","date_gmt":"2024-01-05T11:59:21","guid":{"rendered":"https:\/\/saftrans.tn\/?page_id=47"},"modified":"2024-05-06T09:02:55","modified_gmt":"2024-05-06T09:02:55","slug":"maritime","status":"publish","type":"page","link":"https:\/\/saftrans.tn\/?page_id=47","title":{"rendered":"Maritime"},"content":{"rendered":"\n<p>Nous assurons le transport fiable de vos marchandises \u00e0 travers les oc\u00e9ans du monde entier. Que ce soit pour des conteneurs complets (<strong>FCL<\/strong>) ou des exp\u00e9ditions partielles (<strong>LCL<\/strong>)<\/p>\n\n\n\n<ol class=\"wp-block-list\">\n<li><strong>Gestion de la Cha\u00eene d&#8217;Approvisionnement:<\/strong> SAFTRANS propose une gestion compl\u00e8te de votre cha\u00eene d&#8217;approvisionnement maritime. De la collecte \u00e0 la livraison finale, nous optimisons les flux de travail pour minimiser les d\u00e9lais et maximiser l&#8217;efficacit\u00e9.<\/li>\n\n\n\n<li><strong>Documentation Douani\u00e8re:<\/strong> Nos experts en douane veillent \u00e0 ce que vos marchandises respectent toutes les r\u00e9glementations internationales. Nous nous chargeons de la pr\u00e9paration de la documentation douani\u00e8re, simplifiant ainsi le processus pour assurer un transit en douceur.<\/li>\n<\/ol>\n","protected":false},"excerpt":{"rendered":"<p>Nous assurons le transport fiable de vos marchandises \u00e0 travers les oc\u00e9ans du monde entier. Que ce soit pour des conteneurs complets (FCL) ou des exp\u00e9ditions partielles (LCL)<\/p>\n","protected":false},"author":1,"featured_media":43,"parent":0,"menu_order":0,"comment_status":"closed","ping_status":"closed","template":"template-no-sidebar.php","meta":{"om_disable_all_campaigns":false,"_monsterinsights_skip_tracking":false,"_monsterinsights_sitenote_active":false,"_monsterinsights_sitenote_note":"","_monsterinsights_sitenote_category":0,"footnotes":""},"class_list":["post-47","page","type-page","status-publish","has-post-thumbnail","hentry"],"aioseo_notices":[],"jetpack_sharing_enabled":true,"_links":{"self":[{"href":"https:\/\/saftrans.tn\/index.php?rest_route=\/wp\/v2\/pages\/47","targetHints":{"allow":["GET"]}}],"collection":[{"href":"https:\/\/saftrans.tn\/index.php?rest_route=\/wp\/v2\/pages"}],"about":[{"href":"https:\/\/saftrans.tn\/index.php?rest_route=\/wp\/v2\/types\/page"}],"author":[{"embeddable":true,"href":"https:\/\/saftrans.tn\/index.php?rest_route=\/wp\/v2\/users\/1"}],"replies":[{"embeddable":true,"href":"https:\/\/saftrans.tn\/index.php?rest_route=%2Fwp%2Fv2%2Fcomments&post=47"}],"version-history":[{"count":5,"href":"https:\/\/saftrans.tn\/index.php?rest_route=\/wp\/v2\/pages\/47\/revisions"}],"predecessor-version":[{"id":74,"href":"https:\/\/saftrans.tn\/index.php?rest_route=\/wp\/v2\/pages\/47\/revisions\/74"}],"wp:featuredmedia":[{"embeddable":true,"href":"https:\/\/saftrans.tn\/index.php?rest_route=\/wp\/v2\/media\/43"}],"wp:attachment":[{"href":"https:\/\/saftrans.tn\/index.php?rest_route=%2Fwp%2Fv2%2Fmedia&parent=47"}],"curies":[{"name":"wp","href":"https:\/\/api.w.org\/{rel}","templated":true}]}}