{"id":98,"date":"2024-01-30T15:53:19","date_gmt":"2024-01-30T15:53:19","guid":{"rendered":"https:\/\/saftrans.tn\/?page_id=98"},"modified":"2024-05-06T08:59:33","modified_gmt":"2024-05-06T08:59:33","slug":"nos-services","status":"publish","type":"page","link":"https:\/\/saftrans.tn\/?page_id=98","title":{"rendered":"Transport Multimodal ( Combin\u00e9)"},"content":{"rendered":"\n<p>Les solutions transport multimodales de SAFTRANS combinent diff\u00e9rents modes de transport (SEA-AIR \/ AIR-ROAD\/ RAIL-ROAD..)afin d\u2019optimiser les facteurs d\u00e9lais, co\u00fbt, qualit\u00e9 et environnement de votre supply chain. Combiner plusieurs modes de transport permet de profiter des avantages de chacun afin de maximaliser l\u2019efficacit\u00e9 et la fiabilit\u00e9 des exp\u00e9ditions.<\/p>\n\n\n\n<p>En d\u2019autres termes, le transport combin\u00e9 option attrayante offrant une r\u00e9elle flexibilit\u00e9, est synonyme d\u2019efficacit\u00e9&nbsp;!<\/p>\n\n\n\n<p><\/p>\n","protected":false},"excerpt":{"rendered":"<p>Les solutions transport multimodales de SAFTRANS combinent diff\u00e9rents modes de transport (SEA-AIR \/ AIR-ROAD\/ RAIL-ROAD..)afin d\u2019optimiser les facteurs d\u00e9lais, co\u00fbt, qualit\u00e9 et environnement de votre supply chain. Combiner plusieurs modes de transport permet de profiter des avantages de chacun afin de maximaliser l\u2019efficacit\u00e9 et la fiabilit\u00e9 des exp\u00e9ditions. En d\u2019autres termes, le transport combin\u00e9 option attrayante offrant une r\u00e9elle flexibilit\u00e9, est synonyme d\u2019efficacit\u00e9&nbsp;!<\/p>\n","protected":false},"author":1,"featured_media":43,"parent":0,"menu_order":0,"comment_status":"closed","ping_status":"closed","template":"template-no-sidebar.php","meta":{"om_disable_all_campaigns":false,"_monsterinsights_skip_tracking":false,"_monsterinsights_sitenote_active":false,"_monsterinsights_sitenote_note":"","_monsterinsights_sitenote_category":0,"footnotes":""},"class_list":["post-98","page","type-page","status-publish","has-post-thumbnail","hentry"],"aioseo_notices":[],"jetpack_sharing_enabled":true,"_links":{"self":[{"href":"https:\/\/saftrans.tn\/index.php?rest_route=\/wp\/v2\/pages\/98","targetHints":{"allow":["GET"]}}],"collection":[{"href":"https:\/\/saftrans.tn\/index.php?rest_route=\/wp\/v2\/pages"}],"about":[{"href":"https:\/\/saftrans.tn\/index.php?rest_route=\/wp\/v2\/types\/page"}],"author":[{"embeddable":true,"href":"https:\/\/saftrans.tn\/index.php?rest_route=\/wp\/v2\/users\/1"}],"replies":[{"embeddable":true,"href":"https:\/\/saftrans.tn\/index.php?rest_route=%2Fwp%2Fv2%2Fcomments&post=98"}],"version-history":[{"count":2,"href":"https:\/\/saftrans.tn\/index.php?rest_route=\/wp\/v2\/pages\/98\/revisions"}],"predecessor-version":[{"id":141,"href":"https:\/\/saftrans.tn\/index.php?rest_route=\/wp\/v2\/pages\/98\/revisions\/141"}],"wp:featuredmedia":[{"embeddable":true,"href":"https:\/\/saftrans.tn\/index.php?rest_route=\/wp\/v2\/media\/43"}],"wp:attachment":[{"href":"https:\/\/saftrans.tn\/index.php?rest_route=%2Fwp%2Fv2%2Fmedia&parent=98"}],"curies":[{"name":"wp","href":"https:\/\/api.w.org\/{rel}","templated":true}]}}